{"id":3,"date":"2019-12-28T10:17:51","date_gmt":"2019-12-28T09:17:51","guid":{"rendered":"https:\/\/www.kc-rlp.de\/?page_id=3"},"modified":"2021-12-15T09:00:34","modified_gmt":"2021-12-15T08:00:34","slug":"impressum","status":"publish","type":"page","link":"https:\/\/www.kc-rlp.de\/?page_id=3","title":{"rendered":"Impressum"},"content":{"rendered":"\n<h3 class=\"wp-block-heading\" id=\"m46\">Diensteanbieter<\/h3>\n\n\n\n<p>Manuela Strack<br>Oberstr. 99<br>56154 Boppard<br>Deutschland<\/p>\n\n\n\n<h3 class=\"wp-block-heading\" id=\"m56\">Kontaktm\u00f6glichkeiten<\/h3>\n\n\n\n<p><strong>E-Mail-Adresse:<\/strong> info@kc-rlp.de<\/p>\n\n\n\n<p><strong>Telefon:<\/strong> +49 176 61031642<\/p>\n\n\n\n<h3 class=\"wp-block-heading\" id=\"m153\">Vertretungsberechtigte<\/h3>\n\n\n\n<p><strong>Vertretungsberechtigt:<\/strong> Manuela Strack <\/p>\n\n\n\n<h3 class=\"wp-block-heading\" id=\"m172\">Social Media und andere Onlinepr\u00e4senzen<\/h3>\n\n\n\n<p><strong>Dieses Impressum gilt auch f\u00fcr die folgenden Social-Media-Pr\u00e4senzen und Onlineprofile:<\/strong><br><a href=\"https:\/\/facebook.com\/kammerchorrheinlandpfalz\">https:\/\/facebook.com\/kammerchorrheinlandpfalz<\/a><\/p>\n\n\n\n<p><a href=\"https:\/\/datenschutz-generator.de\/?l=de\" target=\"_blank\" rel=\"noreferrer noopener\">Erstellt mit kostenlosem Datenschutz-Generator.de von Dr. Thomas Schwenke<\/a><\/p>\n","protected":false},"excerpt":{"rendered":"<p>Diensteanbieter Manuela StrackOberstr. 9956154 BoppardDeutschland Kontaktm\u00f6glichkeiten E-Mail-Adresse: info@kc-rlp.de Telefon: +49 176 61031642 Vertretungsberechtigte Vertretungsberechtigt: Manuela Strack Social Media und andere Onlinepr\u00e4senzen Dieses Impressum gilt auch f\u00fcr die folgenden Social-Media-Pr\u00e4senzen und Onlineprofile:https:\/\/facebook.com\/kammerchorrheinlandpfalz Erstellt mit kostenlosem Datenschutz-Generator.de von Dr. Thomas Schwenke<\/p>\n","protected":false},"author":1,"featured_media":0,"parent":0,"menu_order":999,"comment_status":"closed","ping_status":"closed","template":"","meta":{"footnotes":""},"class_list":["post-3","page","type-page","status-publish","czr-hentry"],"jetpack_sharing_enabled":true,"_links":{"self":[{"href":"https:\/\/www.kc-rlp.de\/index.php?rest_route=\/wp\/v2\/pages\/3","targetHints":{"allow":["GET"]}}],"collection":[{"href":"https:\/\/www.kc-rlp.de\/index.php?rest_route=\/wp\/v2\/pages"}],"about":[{"href":"https:\/\/www.kc-rlp.de\/index.php?rest_route=\/wp\/v2\/types\/page"}],"author":[{"embeddable":true,"href":"https:\/\/www.kc-rlp.de\/index.php?rest_route=\/wp\/v2\/users\/1"}],"replies":[{"embeddable":true,"href":"https:\/\/www.kc-rlp.de\/index.php?rest_route=%2Fwp%2Fv2%2Fcomments&post=3"}],"version-history":[{"count":8,"href":"https:\/\/www.kc-rlp.de\/index.php?rest_route=\/wp\/v2\/pages\/3\/revisions"}],"predecessor-version":[{"id":350,"href":"https:\/\/www.kc-rlp.de\/index.php?rest_route=\/wp\/v2\/pages\/3\/revisions\/350"}],"wp:attachment":[{"href":"https:\/\/www.kc-rlp.de\/index.php?rest_route=%2Fwp%2Fv2%2Fmedia&parent=3"}],"curies":[{"name":"wp","href":"https:\/\/api.w.org\/{rel}","templated":true}]}}